{"id":1974,"date":"2024-11-13T18:04:00","date_gmt":"2024-11-13T15:04:00","guid":{"rendered":"https:\/\/tomahawkcollection.com.br\/?post_type=product&#038;p=1974"},"modified":"2025-03-13T21:54:54","modified_gmt":"2025-03-13T18:54:54","slug":"sela-tambor-american-tree-vermelha","status":"publish","type":"product","link":"https:\/\/tomahawkcollection.com.br\/?product=sela-tambor-american-tree-vermelha","title":{"rendered":"Sela Tambor American Tree &#8211; Vermelha"},"content":{"rendered":"<p><b>Sela de Tambor American Tree:<\/b><span style=\"font-weight: 400;\"> Esta sela \u00e9 \u00fanica no Brasil, caracterizada por sua qualidade excepcional e design espec\u00edfico para a modalidade de tr\u00eas tambores. Constru\u00edda com materiais de alta qualidade, a sela American Tree \u00e9 reconhecida por sua durabilidade e desempenho superior.<\/span><\/p>\n<p><b>Encaixe Perfeito para o Atleta e no Cavalo:<\/b><span style=\"font-weight: 400;\"> Uma das principais caracter\u00edsticas desta sela \u00e9 seu encaixe perfeito, tanto para o atleta quanto para o cavalo. Com um design ergonomicamente projetado, proporciona conforto e estabilidade para o cavaleiro, enquanto distribui o peso de forma equilibrada no dorso do animal.<\/span><\/p>\n<p><b>Assento Macio em Gel:<\/b><span style=\"font-weight: 400;\"> O assento em gel oferece um conforto incompar\u00e1vel ao cavaleiro, mesmo durante longos per\u00edodos de uso. Sua maciez proporciona uma experi\u00eancia de equita\u00e7\u00e3o mais agrad\u00e1vel e evita desconfortos causados por impactos.<\/span><\/p>\n<p><b>Ca\u00edda da Perna Perfeita para uma Movimenta\u00e7\u00e3o Mais Livre e Confort\u00e1vel<\/b><span style=\"font-weight: 400;\">: Com uma ca\u00edda de perna adequada, esta sela permite uma movimenta\u00e7\u00e3o mais livre e confort\u00e1vel para o cavaleiro. Isso favorece a execu\u00e7\u00e3o de movimentos r\u00e1pidos e precisos &#8211; necess\u00e1rios na pr\u00e1tica do tambor.<\/span><\/p>\n<p><b>Abertura Maior na Cernelha e Ponto de Equil\u00edbrio Ideal:<\/b><span style=\"font-weight: 400;\"> A sela American Tree apresenta uma abertura maior na cernelha, garantindo maior liberdade de movimento para o cavalo. Al\u00e9m disso, seu ponto de equil\u00edbrio ideal proporciona estabilidade e seguran\u00e7a ao cavaleiro, mesmo em altas velocidades.<\/span><\/p>\n<p><b>Peso Certo e Cada Sela \u00e9 \u00danica:<\/b><span style=\"font-weight: 400;\"> Cada sela \u00e9 cuidadosamente ajustada para garantir o peso certo, proporcionando equil\u00edbrio e conforto ao cavalo. Al\u00e9m disso, o processo artesanal de fabrica\u00e7\u00e3o garante que cada sela seja exclusiva, atendendo \u00e0s necessidades espec\u00edficas do cavaleiro e do seu cavalo.<\/span><\/p>\n","protected":false},"excerpt":{"rendered":"<ul>\n<li>Sela em Couro<\/li>\n<\/ul>\n","protected":false},"featured_media":1924,"template":"","meta":{"inline_featured_image":false,"ocean_post_layout":"","ocean_both_sidebars_style":"","ocean_both_sidebars_content_width":0,"ocean_both_sidebars_sidebars_width":0,"ocean_sidebar":"0","ocean_second_sidebar":"0","ocean_disable_margins":"enable","ocean_add_body_class":"","ocean_shortcode_before_top_bar":"","ocean_shortcode_after_top_bar":"","ocean_shortcode_before_header":"","ocean_shortcode_after_header":"","ocean_has_shortcode":"","ocean_shortcode_after_title":"","ocean_shortcode_before_footer_widgets":"","ocean_shortcode_after_footer_widgets":"","ocean_shortcode_before_footer_bottom":"","ocean_shortcode_after_footer_bottom":"","ocean_display_top_bar":"default","ocean_display_header":"default","ocean_header_style":"","ocean_center_header_left_menu":"0","ocean_custom_header_template":"0","ocean_custom_logo":0,"ocean_custom_retina_logo":0,"ocean_custom_logo_max_width":0,"ocean_custom_logo_tablet_max_width":0,"ocean_custom_logo_mobile_max_width":0,"ocean_custom_logo_max_height":0,"ocean_custom_logo_tablet_max_height":0,"ocean_custom_logo_mobile_max_height":0,"ocean_header_custom_menu":"0","ocean_menu_typo_font_family":"0","ocean_menu_typo_font_subset":"","ocean_menu_typo_font_size":0,"ocean_menu_typo_font_size_tablet":0,"ocean_menu_typo_font_size_mobile":0,"ocean_menu_typo_font_size_unit":"px","ocean_menu_typo_font_weight":"","ocean_menu_typo_font_weight_tablet":"","ocean_menu_typo_font_weight_mobile":"","ocean_menu_typo_transform":"","ocean_menu_typo_transform_tablet":"","ocean_menu_typo_transform_mobile":"","ocean_menu_typo_line_height":0,"ocean_menu_typo_line_height_tablet":0,"ocean_menu_typo_line_height_mobile":0,"ocean_menu_typo_line_height_unit":"","ocean_menu_typo_spacing":0,"ocean_menu_typo_spacing_tablet":0,"ocean_menu_typo_spacing_mobile":0,"ocean_menu_typo_spacing_unit":"","ocean_menu_link_color":"","ocean_menu_link_color_hover":"","ocean_menu_link_color_active":"","ocean_menu_link_background":"","ocean_menu_link_hover_background":"","ocean_menu_link_active_background":"","ocean_menu_social_links_bg":"","ocean_menu_social_hover_links_bg":"","ocean_menu_social_links_color":"","ocean_menu_social_hover_links_color":"","ocean_disable_title":"default","ocean_disable_heading":"default","ocean_post_title":"","ocean_post_subheading":"","ocean_post_title_style":"","ocean_post_title_background_color":"","ocean_post_title_background":0,"ocean_post_title_bg_image_position":"","ocean_post_title_bg_image_attachment":"","ocean_post_title_bg_image_repeat":"","ocean_post_title_bg_image_size":"","ocean_post_title_height":0,"ocean_post_title_bg_overlay":0.5,"ocean_post_title_bg_overlay_color":"","ocean_disable_breadcrumbs":"default","ocean_breadcrumbs_color":"","ocean_breadcrumbs_separator_color":"","ocean_breadcrumbs_links_color":"","ocean_breadcrumbs_links_hover_color":"","ocean_display_footer_widgets":"default","ocean_display_footer_bottom":"default","ocean_custom_footer_template":"0"},"product_cat":[62],"product_tag":[],"_links":{"self":[{"href":"https:\/\/tomahawkcollection.com.br\/index.php?rest_route=\/wp\/v2\/product\/1974"}],"collection":[{"href":"https:\/\/tomahawkcollection.com.br\/index.php?rest_route=\/wp\/v2\/product"}],"about":[{"href":"https:\/\/tomahawkcollection.com.br\/index.php?rest_route=\/wp\/v2\/types\/product"}],"wp:featuredmedia":[{"embeddable":true,"href":"https:\/\/tomahawkcollection.com.br\/index.php?rest_route=\/wp\/v2\/media\/1924"}],"wp:attachment":[{"href":"https:\/\/tomahawkcollection.com.br\/index.php?rest_route=%2Fwp%2Fv2%2Fmedia&parent=1974"}],"wp:term":[{"taxonomy":"product_cat","embeddable":true,"href":"https:\/\/tomahawkcollection.com.br\/index.php?rest_route=%2Fwp%2Fv2%2Fproduct_cat&post=1974"},{"taxonomy":"product_tag","embeddable":true,"href":"https:\/\/tomahawkcollection.com.br\/index.php?rest_route=%2Fwp%2Fv2%2Fproduct_tag&post=1974"}],"curies":[{"name":"wp","href":"https:\/\/api.w.org\/{rel}","templated":true}]}}